{"id":36,"date":"2025-01-30T09:23:54","date_gmt":"2025-01-30T09:23:54","guid":{"rendered":"https:\/\/loanrater.co.uk\/a-propos-de-la-societe\/"},"modified":"2025-01-30T12:07:44","modified_gmt":"2025-01-30T12:07:44","slug":"a-propos-de-la-societe","status":"publish","type":"page","link":"https:\/\/loanrater.co.uk\/ro\/a-propos-de-la-societe\/","title":{"rendered":"Despre companie"},"content":{"rendered":"<p>Bine a\u021bi venit la <strong>Loanrater.co.uk<\/strong>, destina\u021bia ta preferat\u0103 pentru tot ce \u021bine de mod\u0103 \u0219i \u00eembr\u0103c\u0103minte. Site-ul nostru este dedicat explor\u0103rii tendin\u021belor actuale, inspira\u021biei stilistice \u0219i sfaturilor practice pentru \u00eembog\u0103\u021birea garderobei tale.<\/p>\n<p>Indiferent dac\u0103 e\u0219ti pasionat de haute couture sau pur \u0219i simplu cau\u021bi idei noi pentru stilul t\u0103u de zi cu zi, articolele noastre ofer\u0103 o varietate de con\u021binut pentru a satisface to\u021bi iubitorii de mod\u0103.<\/p>\n<p><img loading=\"lazy\" decoding=\"async\" class=\"aligncenter wp-image-39 size-full\" src=\"https:\/\/loanrater.co.uk\/wp-content\/uploads\/2025\/01\/photo-new.jpg\" alt=\"\" width=\"612\" height=\"408\" srcset=\"https:\/\/loanrater.co.uk\/wp-content\/uploads\/2025\/01\/photo-new.jpg 612w, https:\/\/loanrater.co.uk\/wp-content\/uploads\/2025\/01\/photo-new-300x200.jpg 300w\" sizes=\"auto, (max-width: 612px) 100vw, 612px\" \/><\/p>\n<h2>Ce ve\u021bi g\u0103si la noi:<\/h2>\n<ul>\n<li>Articole despre cele mai recente tendin\u021be \u0219i \u0219tiri din lumea modei.<\/li>\n<li>Ghiduri practice pentru alegerea hainelor \u0219i accesoriilor.<\/li>\n<li>Sfaturi pentru a-\u021bi exprima stilul unic \u0219i a r\u0103m\u00e2ne \u00eencrez\u0103tor\/\u00eencrez\u0103toare.<\/li>\n<\/ul>\n<p>Misiunea noastr\u0103 este simpl\u0103: s\u0103 v\u0103 oferim inspira\u021bia de care ave\u021bi nevoie pentru a v\u0103 sim\u021bi bine \u00een hainele \u0219i \u00een pielea voastr\u0103.<\/p>","protected":false},"excerpt":{"rendered":"<p>Bienvenue sur Loanrater.co.uk, votre destination incontournable pour tout ce qui concerne la mode et les v\u00eatements. Notre site&#46;&#46;&#46;<\/p>","protected":false},"author":1,"featured_media":0,"parent":0,"menu_order":0,"comment_status":"closed","ping_status":"closed","template":"","meta":{"_acf_changed":false,"footnotes":""},"class_list":["post-36","page","type-page","status-publish","hentry"],"acf":[],"yoast_head":"<!-- This site is optimized with the Yoast SEO plugin v23.2 - https:\/\/yoast.com\/wordpress\/plugins\/seo\/ -->\n<title>\u00c0 propos de la soci\u00e9t\u00e9 - loanrater.co.uk<\/title>\n<meta name=\"robots\" content=\"index, follow, max-snippet:-1, max-image-preview:large, max-video-preview:-1\" \/>\n<link rel=\"canonical\" href=\"https:\/\/loanrater.co.uk\/ro\/a-propos-de-la-societe\/\" \/>\n<meta property=\"og:locale\" content=\"ro_RO\" \/>\n<meta property=\"og:type\" content=\"article\" \/>\n<meta property=\"og:title\" content=\"\u00c0 propos de la soci\u00e9t\u00e9 - loanrater.co.uk\" \/>\n<meta property=\"og:description\" content=\"Bienvenue sur Loanrater.co.uk, votre destination incontournable pour tout ce qui concerne la mode et les v\u00eatements. Notre site&#046;&#046;&#046;\" \/>\n<meta property=\"og:url\" content=\"https:\/\/loanrater.co.uk\/ro\/a-propos-de-la-societe\/\" \/>\n<meta property=\"og:site_name\" content=\"loanrater.co.uk\" \/>\n<meta property=\"article:modified_time\" content=\"2025-01-30T12:07:44+00:00\" \/>\n<meta property=\"og:image\" content=\"https:\/\/loanrater.co.uk\/wp-content\/uploads\/2025\/01\/photo-new.jpg\" \/>\n<meta name=\"twitter:card\" content=\"summary_large_image\" \/>\n<meta name=\"twitter:label1\" content=\"Timp estimat pentru citire\" \/>\n\t<meta name=\"twitter:data1\" content=\"1 minut\" \/>\n<script type=\"application\/ld+json\" class=\"yoast-schema-graph\">{\"@context\":\"https:\/\/schema.org\",\"@graph\":[{\"@type\":\"WebPage\",\"@id\":\"https:\/\/loanrater.co.uk\/a-propos-de-la-societe\/\",\"url\":\"https:\/\/loanrater.co.uk\/a-propos-de-la-societe\/\",\"name\":\"\u00c0 propos de la soci\u00e9t\u00e9 - loanrater.co.uk\",\"isPartOf\":{\"@id\":\"https:\/\/loanrater.co.uk\/#website\"},\"primaryImageOfPage\":{\"@id\":\"https:\/\/loanrater.co.uk\/a-propos-de-la-societe\/#primaryimage\"},\"image\":{\"@id\":\"https:\/\/loanrater.co.uk\/a-propos-de-la-societe\/#primaryimage\"},\"thumbnailUrl\":\"https:\/\/loanrater.co.uk\/wp-content\/uploads\/2025\/01\/photo-new.jpg\",\"datePublished\":\"2025-01-30T09:23:54+00:00\",\"dateModified\":\"2025-01-30T12:07:44+00:00\",\"breadcrumb\":{\"@id\":\"https:\/\/loanrater.co.uk\/a-propos-de-la-societe\/#breadcrumb\"},\"inLanguage\":\"ro-RO\",\"potentialAction\":[{\"@type\":\"ReadAction\",\"target\":[\"https:\/\/loanrater.co.uk\/a-propos-de-la-societe\/\"]}]},{\"@type\":\"ImageObject\",\"inLanguage\":\"ro-RO\",\"@id\":\"https:\/\/loanrater.co.uk\/a-propos-de-la-societe\/#primaryimage\",\"url\":\"https:\/\/loanrater.co.uk\/wp-content\/uploads\/2025\/01\/photo-new.jpg\",\"contentUrl\":\"https:\/\/loanrater.co.uk\/wp-content\/uploads\/2025\/01\/photo-new.jpg\"},{\"@type\":\"BreadcrumbList\",\"@id\":\"https:\/\/loanrater.co.uk\/a-propos-de-la-societe\/#breadcrumb\",\"itemListElement\":[{\"@type\":\"ListItem\",\"position\":1,\"name\":\"Home\",\"item\":\"https:\/\/loanrater.co.uk\/\"},{\"@type\":\"ListItem\",\"position\":2,\"name\":\"\u00c0 propos de la soci\u00e9t\u00e9\"}]},{\"@type\":\"WebSite\",\"@id\":\"https:\/\/loanrater.co.uk\/#website\",\"url\":\"https:\/\/loanrater.co.uk\/\",\"name\":\"loanrater.co.uk\",\"description\":\"Votre Guide Mode Tendance\",\"potentialAction\":[{\"@type\":\"SearchAction\",\"target\":{\"@type\":\"EntryPoint\",\"urlTemplate\":\"https:\/\/loanrater.co.uk\/?s={search_term_string}\"},\"query-input\":\"required name=search_term_string\"}],\"inLanguage\":\"ro-RO\"}]}<\/script>\n<!-- \/ Yoast SEO plugin. -->","yoast_head_json":{"title":"\u00c0 propos de la soci\u00e9t\u00e9 - loanrater.co.uk","robots":{"index":"index","follow":"follow","max-snippet":"max-snippet:-1","max-image-preview":"max-image-preview:large","max-video-preview":"max-video-preview:-1"},"canonical":"https:\/\/loanrater.co.uk\/ro\/a-propos-de-la-societe\/","og_locale":"ro_RO","og_type":"article","og_title":"\u00c0 propos de la soci\u00e9t\u00e9 - loanrater.co.uk","og_description":"Bienvenue sur Loanrater.co.uk, votre destination incontournable pour tout ce qui concerne la mode et les v\u00eatements. Notre site&#46;&#46;&#46;","og_url":"https:\/\/loanrater.co.uk\/ro\/a-propos-de-la-societe\/","og_site_name":"loanrater.co.uk","article_modified_time":"2025-01-30T12:07:44+00:00","og_image":[{"url":"https:\/\/loanrater.co.uk\/wp-content\/uploads\/2025\/01\/photo-new.jpg"}],"twitter_card":"summary_large_image","twitter_misc":{"Timp estimat pentru citire":"1 minut"},"schema":{"@context":"https:\/\/schema.org","@graph":[{"@type":"WebPage","@id":"https:\/\/loanrater.co.uk\/a-propos-de-la-societe\/","url":"https:\/\/loanrater.co.uk\/a-propos-de-la-societe\/","name":"\u00c0 propos de la soci\u00e9t\u00e9 - loanrater.co.uk","isPartOf":{"@id":"https:\/\/loanrater.co.uk\/#website"},"primaryImageOfPage":{"@id":"https:\/\/loanrater.co.uk\/a-propos-de-la-societe\/#primaryimage"},"image":{"@id":"https:\/\/loanrater.co.uk\/a-propos-de-la-societe\/#primaryimage"},"thumbnailUrl":"https:\/\/loanrater.co.uk\/wp-content\/uploads\/2025\/01\/photo-new.jpg","datePublished":"2025-01-30T09:23:54+00:00","dateModified":"2025-01-30T12:07:44+00:00","breadcrumb":{"@id":"https:\/\/loanrater.co.uk\/a-propos-de-la-societe\/#breadcrumb"},"inLanguage":"ro-RO","potentialAction":[{"@type":"ReadAction","target":["https:\/\/loanrater.co.uk\/a-propos-de-la-societe\/"]}]},{"@type":"ImageObject","inLanguage":"ro-RO","@id":"https:\/\/loanrater.co.uk\/a-propos-de-la-societe\/#primaryimage","url":"https:\/\/loanrater.co.uk\/wp-content\/uploads\/2025\/01\/photo-new.jpg","contentUrl":"https:\/\/loanrater.co.uk\/wp-content\/uploads\/2025\/01\/photo-new.jpg"},{"@type":"BreadcrumbList","@id":"https:\/\/loanrater.co.uk\/a-propos-de-la-societe\/#breadcrumb","itemListElement":[{"@type":"ListItem","position":1,"name":"Home","item":"https:\/\/loanrater.co.uk\/"},{"@type":"ListItem","position":2,"name":"\u00c0 propos de la soci\u00e9t\u00e9"}]},{"@type":"WebSite","@id":"https:\/\/loanrater.co.uk\/#website","url":"https:\/\/loanrater.co.uk\/","name":"loanrater.co.uk","description":"Votre Guide Mode Tendance","potentialAction":[{"@type":"SearchAction","target":{"@type":"EntryPoint","urlTemplate":"https:\/\/loanrater.co.uk\/?s={search_term_string}"},"query-input":"required name=search_term_string"}],"inLanguage":"ro-RO"}]}},"yoast_meta":{"yoast_wpseo_title":"","yoast_wpseo_metadesc":"","yoast_wpseo_canonical":"https:\/\/loanrater.co.uk\/ro\/wp-json\/wp\/v2\/pages\/36"},"_links":{"self":[{"href":"https:\/\/loanrater.co.uk\/ro\/wp-json\/wp\/v2\/pages\/36","targetHints":{"allow":["GET"]}}],"collection":[{"href":"https:\/\/loanrater.co.uk\/ro\/wp-json\/wp\/v2\/pages"}],"about":[{"href":"https:\/\/loanrater.co.uk\/ro\/wp-json\/wp\/v2\/types\/page"}],"author":[{"embeddable":true,"href":"https:\/\/loanrater.co.uk\/ro\/wp-json\/wp\/v2\/users\/1"}],"replies":[{"embeddable":true,"href":"https:\/\/loanrater.co.uk\/ro\/wp-json\/wp\/v2\/comments?post=36"}],"version-history":[{"count":1,"href":"https:\/\/loanrater.co.uk\/ro\/wp-json\/wp\/v2\/pages\/36\/revisions"}],"predecessor-version":[{"id":40,"href":"https:\/\/loanrater.co.uk\/ro\/wp-json\/wp\/v2\/pages\/36\/revisions\/40"}],"wp:attachment":[{"href":"https:\/\/loanrater.co.uk\/ro\/wp-json\/wp\/v2\/media?parent=36"}],"curies":[{"name":"wp","href":"https:\/\/api.w.org\/{rel}","templated":true}]}}