{"id":37,"date":"2025-01-30T09:23:56","date_gmt":"2025-01-30T09:23:56","guid":{"rendered":"https:\/\/loanrater.co.uk\/contacts\/"},"modified":"2025-01-30T09:23:56","modified_gmt":"2025-01-30T09:23:56","slug":"contacts","status":"publish","type":"page","link":"https:\/\/loanrater.co.uk\/ro\/contacts\/","title":{"rendered":"Contacte"},"content":{"rendered":"<h2>Te ascult\u0103m<\/h2>\n<p>Ave\u021bi \u00eentreb\u0103ri despre articolele noastre de mod\u0103 sau sugestii pentru blogul nostru? Echipa noastr\u0103 v\u0103 st\u0103 la dispozi\u021bie pentru a v\u0103 ajuta. Nu ezita\u021bi s\u0103 ne contacta\u021bi folosind formularul de mai jos sau prin e-mail.<\/p>\n<h3>Date de contact<\/h3>\n<p><strong>Adres\u0103:<\/strong> 32 Rue de la Mode, 75001 Paris, Fran\u021ba<\/p>\n<p><strong>E-mail:<\/strong> <a href=\"mailto:contact@loanrater.co.uk\">contact@loanrater.co.uk<\/a><\/p>\n<h3>Trimite\u021bi-ne feedback-ul dvs.<\/h3>\n<form action=\"\/ro\/submit-feedback\/\" method=\"post\" data-trp-original-action=\"\/submit-feedback\">\n                <label for=\"name\">Nume:<\/label><br \/>\n                <input type=\"text\" id=\"name\" name=\"name\" required><\/p>\n<p>                <label for=\"email\">E-mail:<\/label><br \/>\n                <input type=\"email\" id=\"email\" name=\"email\" required><\/p>\n<p>                <label for=\"message\">Mesaj:<\/label><br \/>\n                <textarea id=\"message\" name=\"message\" rows=\"5\" required><\/textarea><\/p>\n<p>                <button type=\"submit\">Trimite<\/button><br \/>\n            <input type=\"hidden\" name=\"trp-form-language\" value=\"ro\"\/><\/form>","protected":false},"excerpt":{"rendered":"<p>Suntem aici pentru a v\u0103 ajuta. Ave\u021bi \u00eentreb\u0103ri despre articolele noastre de mod\u0103 sau sugestii despre...<\/p>","protected":false},"author":1,"featured_media":0,"parent":0,"menu_order":0,"comment_status":"closed","ping_status":"closed","template":"","meta":{"_acf_changed":false,"footnotes":""},"class_list":["post-37","page","type-page","status-publish","hentry"],"acf":[],"yoast_head":"<!-- This site is optimized with the Yoast SEO plugin v23.2 - https:\/\/yoast.com\/wordpress\/plugins\/seo\/ -->\n<title>Contactez-nous | Blog Mode | LoanRater.co.uk<\/title>\n<meta name=\"description\" content=\"Contactez LoanRater.co.uk pour toutes vos questions sur nos articles et conseils mode. Adresse en France et formulaire pour vos suggestions.\" \/>\n<meta name=\"robots\" content=\"index, follow, max-snippet:-1, max-image-preview:large, max-video-preview:-1\" \/>\n<link rel=\"canonical\" href=\"https:\/\/loanrater.co.uk\/ro\/contacts\/\" \/>\n<meta property=\"og:locale\" content=\"ro_RO\" \/>\n<meta property=\"og:type\" content=\"article\" \/>\n<meta property=\"og:title\" content=\"Contactez-nous | Blog Mode | LoanRater.co.uk\" \/>\n<meta property=\"og:description\" content=\"Contactez LoanRater.co.uk pour toutes vos questions sur nos articles et conseils mode. Adresse en France et formulaire pour vos suggestions.\" \/>\n<meta property=\"og:url\" content=\"https:\/\/loanrater.co.uk\/ro\/contacts\/\" \/>\n<meta property=\"og:site_name\" content=\"loanrater.co.uk\" \/>\n<meta name=\"twitter:card\" content=\"summary_large_image\" \/>\n<script type=\"application\/ld+json\" class=\"yoast-schema-graph\">{\"@context\":\"https:\/\/schema.org\",\"@graph\":[{\"@type\":\"WebPage\",\"@id\":\"https:\/\/loanrater.co.uk\/contacts\/\",\"url\":\"https:\/\/loanrater.co.uk\/contacts\/\",\"name\":\"Contactez-nous | Blog Mode | LoanRater.co.uk\",\"isPartOf\":{\"@id\":\"https:\/\/loanrater.co.uk\/#website\"},\"datePublished\":\"2025-01-30T09:23:56+00:00\",\"dateModified\":\"2025-01-30T09:23:56+00:00\",\"description\":\"Contactez LoanRater.co.uk pour toutes vos questions sur nos articles et conseils mode. Adresse en France et formulaire pour vos suggestions.\",\"breadcrumb\":{\"@id\":\"https:\/\/loanrater.co.uk\/contacts\/#breadcrumb\"},\"inLanguage\":\"ro-RO\",\"potentialAction\":[{\"@type\":\"ReadAction\",\"target\":[\"https:\/\/loanrater.co.uk\/contacts\/\"]}]},{\"@type\":\"BreadcrumbList\",\"@id\":\"https:\/\/loanrater.co.uk\/contacts\/#breadcrumb\",\"itemListElement\":[{\"@type\":\"ListItem\",\"position\":1,\"name\":\"Home\",\"item\":\"https:\/\/loanrater.co.uk\/\"},{\"@type\":\"ListItem\",\"position\":2,\"name\":\"Contacts\"}]},{\"@type\":\"WebSite\",\"@id\":\"https:\/\/loanrater.co.uk\/#website\",\"url\":\"https:\/\/loanrater.co.uk\/\",\"name\":\"loanrater.co.uk\",\"description\":\"Votre Guide Mode Tendance\",\"potentialAction\":[{\"@type\":\"SearchAction\",\"target\":{\"@type\":\"EntryPoint\",\"urlTemplate\":\"https:\/\/loanrater.co.uk\/?s={search_term_string}\"},\"query-input\":\"required name=search_term_string\"}],\"inLanguage\":\"ro-RO\"}]}<\/script>\n<!-- \/ Yoast SEO plugin. -->","yoast_head_json":{"title":"Contactez-nous | Blog Mode | LoanRater.co.uk","description":"Contactez LoanRater.co.uk pour toutes vos questions sur nos articles et conseils mode. Adresse en France et formulaire pour vos suggestions.","robots":{"index":"index","follow":"follow","max-snippet":"max-snippet:-1","max-image-preview":"max-image-preview:large","max-video-preview":"max-video-preview:-1"},"canonical":"https:\/\/loanrater.co.uk\/ro\/contacts\/","og_locale":"ro_RO","og_type":"article","og_title":"Contactez-nous | Blog Mode | LoanRater.co.uk","og_description":"Contactez LoanRater.co.uk pour toutes vos questions sur nos articles et conseils mode. Adresse en France et formulaire pour vos suggestions.","og_url":"https:\/\/loanrater.co.uk\/ro\/contacts\/","og_site_name":"loanrater.co.uk","twitter_card":"summary_large_image","schema":{"@context":"https:\/\/schema.org","@graph":[{"@type":"WebPage","@id":"https:\/\/loanrater.co.uk\/contacts\/","url":"https:\/\/loanrater.co.uk\/contacts\/","name":"Contactez-nous | Blog Mode | LoanRater.co.uk","isPartOf":{"@id":"https:\/\/loanrater.co.uk\/#website"},"datePublished":"2025-01-30T09:23:56+00:00","dateModified":"2025-01-30T09:23:56+00:00","description":"Contactez LoanRater.co.uk pour toutes vos questions sur nos articles et conseils mode. Adresse en France et formulaire pour vos suggestions.","breadcrumb":{"@id":"https:\/\/loanrater.co.uk\/contacts\/#breadcrumb"},"inLanguage":"ro-RO","potentialAction":[{"@type":"ReadAction","target":["https:\/\/loanrater.co.uk\/contacts\/"]}]},{"@type":"BreadcrumbList","@id":"https:\/\/loanrater.co.uk\/contacts\/#breadcrumb","itemListElement":[{"@type":"ListItem","position":1,"name":"Home","item":"https:\/\/loanrater.co.uk\/"},{"@type":"ListItem","position":2,"name":"Contacts"}]},{"@type":"WebSite","@id":"https:\/\/loanrater.co.uk\/#website","url":"https:\/\/loanrater.co.uk\/","name":"loanrater.co.uk","description":"Votre Guide Mode Tendance","potentialAction":[{"@type":"SearchAction","target":{"@type":"EntryPoint","urlTemplate":"https:\/\/loanrater.co.uk\/?s={search_term_string}"},"query-input":"required name=search_term_string"}],"inLanguage":"ro-RO"}]}},"yoast_meta":{"yoast_wpseo_title":"","yoast_wpseo_metadesc":"","yoast_wpseo_canonical":"https:\/\/loanrater.co.uk\/ro\/wp-json\/wp\/v2\/pages\/37"},"_links":{"self":[{"href":"https:\/\/loanrater.co.uk\/ro\/wp-json\/wp\/v2\/pages\/37","targetHints":{"allow":["GET"]}}],"collection":[{"href":"https:\/\/loanrater.co.uk\/ro\/wp-json\/wp\/v2\/pages"}],"about":[{"href":"https:\/\/loanrater.co.uk\/ro\/wp-json\/wp\/v2\/types\/page"}],"author":[{"embeddable":true,"href":"https:\/\/loanrater.co.uk\/ro\/wp-json\/wp\/v2\/users\/1"}],"replies":[{"embeddable":true,"href":"https:\/\/loanrater.co.uk\/ro\/wp-json\/wp\/v2\/comments?post=37"}],"version-history":[{"count":0,"href":"https:\/\/loanrater.co.uk\/ro\/wp-json\/wp\/v2\/pages\/37\/revisions"}],"wp:attachment":[{"href":"https:\/\/loanrater.co.uk\/ro\/wp-json\/wp\/v2\/media?parent=37"}],"curies":[{"name":"wp","href":"https:\/\/api.w.org\/{rel}","templated":true}]}}